{"id":746,"date":"2019-03-11T11:14:00","date_gmt":"2019-03-11T10:14:00","guid":{"rendered":"http:\/\/www.gruppofresia.it\/?page_id=746"},"modified":"2019-03-11T11:15:10","modified_gmt":"2019-03-11T10:15:10","slug":"informativa-privacy","status":"publish","type":"page","link":"http:\/\/www.gruppofresia.it\/en\/informativa-privacy\/","title":{"rendered":"Informativa sulla privacy"},"content":{"rendered":"<p style=\"text-align: center;\"><strong>INFORMATIVA PRIVACY<\/strong><\/p>\n<p style=\"text-align: center;\">(INFORMATIVA AI SENSI DEGLI ARTT. 13 E 14 DEL REGOLAMENTO (UE) 2016\/679 \u2013\u00a0REGOLAMENTO GENERALE SULLA PROTEZIONE DEI DATI PERSONALI)<\/p>\n<p>&nbsp;<\/p>\n<p>Il Regolamento (UE) 2016\/679 (anche il \u201cRegolamento\u201d) e la normativa italiana di riferimento stabiliscono norme relative alla protezione delle persone fisiche nell\u2019ambito del trattamento dei dati personali e protezione dei diritti e delle libert\u00e0 fondamentali delle persone fisiche.<\/p>\n<p>La presente informativa riguarda il trattamento dei dati personali degli utenti che navigano sul sito web di titolarit\u00e0 di Fresia 2200 s.r.l. raggiungibile all\u2019indirizzo http:\/\/www.gruppofresia.it\/ (in seguito, il \u201c<strong>Sito<\/strong>\u201d), per acquisire informazioni sulla nostra attivit\u00e0 oppure in altre occasioni, inclusi i contatti, la ricerca di posizioni di lavoro aperte e l\u2019invio di curriculum; vi invitiamo a prenderne visione.<\/p>\n<p><strong>\u00a0<\/strong><\/p>\n<ol>\n<li><strong> Titolare del trattamento <\/strong><\/li>\n<\/ol>\n<p>Titolare del trattamento dei dati personali \u00e8 Fresia 2200 s.r.l. (\u201c<strong>Titolare del trattamento<\/strong>\u201d), con sede legale in Roma (00141), Via Nomentana n. 525, a cui ci si potr\u00e0 rivolgere per esercitare i diritti riconosciuti dal Regolamento o per ottenere chiarimenti ai seguenti recapiti: e-mail:\u00a0 <a href=\"mailto:info@gruppofresia.it\" target=\"_blank\">info@gruppofresia.it<\/a> \/\u00a0 Tel. +39 06.5839361, oppure a mezzo posta ordinaria all\u2019indirizzo sopra riportato.<\/p>\n<p>&nbsp;<\/p>\n<ol start=\"2\">\n<li><strong> Natura dei dati trattati e finalit\u00e0 del trattamento<\/strong><\/li>\n<\/ol>\n<p><strong>2.1.<\/strong> I dati personali oggetto di trattamento\u00a0 sono:<\/p>\n<ol>\n<li>i) quelli raccolti durante la sessione di navigazione sul Sito, quali l\u2019indirizzo IP, i nomi a dominio dei computer utilizzati dai visitatori del Sito, i dati di traffico e i dati relativi al settaggio delle impostazioni di navigazione anche attraverso l\u2019utilizzo di <em>cookie<\/em>, anche di terze parti;<\/li>\n<li>ii) quelli conferiti volontariamente dall\u2019utente per contattare il Titolare (nome, cognome, indirizzo e-mail, numero di telefono), anche al fine di sottoporre la propria candidatura per una delle posizioni lavorative aperte, ad esempio attraverso l\u2019invio di posta elettronica all\u2019indirizzo indicato su questo Sito, nonch\u00e9 eventuali altri dati che l\u2019utente conferir\u00e0 volontariamente nella richiesta di informazioni per agevolare la risposta.<\/li>\n<\/ol>\n<p><strong>2.2<\/strong> Il trattamento dei dati personali dell\u2019utente, ha le seguenti finalit\u00e0:<\/p>\n<ol>\n<li><strong>A)<\/strong> garantire la sicurezza e il corretto funzionamento del Sito e controllarne le prestazioni, ottenendo statistiche in relazione al suo utilizzo;<\/li>\n<li><strong>B)<\/strong> rispondere alle richieste di informazioni di qualsiasi natura e raccogliere le candidature di soggetti interessati a lavorare con la nostra Societ\u00e0, al fine di valutare la corrispondenza al profilo ricercato.<\/li>\n<\/ol>\n<p>&nbsp;<\/p>\n<ol start=\"3\">\n<li><strong> Base giuridica delle attivit\u00e0 di trattamento<\/strong><\/li>\n<\/ol>\n<p>Le attivit\u00e0 di trattamento sopra indicate vengono svolte:<\/p>\n<ul>\n<li>per perseguire un legittimo interesse del titolare, quanto ai dati di navigazione relativi alla sessione, e quanto all\u2019azionare o difendere un proprio diritto in sede giudiziaria (art. 6, comma 1, lett. f) del Regolamento);<\/li>\n<li>sulla base e in forza del consenso espresso dell\u2019interessato (mediante spunta di casella, click di prosecuzione della navigazione, invio di e-mail), quanto al trattamento dei dati forniti tramite e-mail \u2013 inclusi i dati curriculari \u2013 e per quanto concerne l\u2019utilizzo dei dati di navigazione relativi a servizi prestati da terzi tramite il Sito e\/o acquisiti da terzi attraverso il Sito (art. 6, comma 1, lett. a) del Regolamento). <u>Il consenso pu\u00f2 essere revocato in ogni momento<\/u>.<\/li>\n<\/ul>\n<p>&nbsp;<\/p>\n<ol start=\"4\">\n<li><strong> Natura obbligatoria\/facoltativa del conferimento dei dati<\/strong><\/li>\n<\/ol>\n<p><strong>4.1<\/strong> I sistemi informatici preposti al funzionamento del Sito acquisiscono automaticamente, nel corso del loro normale funzionamento, alcuni dati personali la cui trasmissione \u00e8 implicita nell\u2019uso dei protocolli di comunicazione di Internet (ad es. indirizzi IP, nomi a dominio dei computer utilizzati dai visitatori del Sito, dati di traffico): i dati in questione sono trattati per garantire la sicurezza del Sito, assicurarne il corretto funzionamento e ottenere statistiche in relazione al suo utilizzo; i dati potrebbero, altres\u00ec, essere utilizzati per l\u2019accertamento di responsabilit\u00e0 in caso di ipotetici reati informatici ai danni del Sito.<\/p>\n<p><strong>4.2<\/strong> Per il trattamento dei dati mediante contact form, Vi chiediamo preventivamente di esprimere il vostro consenso, mediante l\u2019apposizione del flag nell\u2019apposita casella.<\/p>\n<p><strong>4.3<\/strong> L\u2019invio, facoltativo e volontario, di posta elettronica all\u2019indirizzo indicato su questo Sito comporta la successiva acquisizione dell\u2019indirizzo e-mail del mittente, necessario per rispondere alle richieste, nonch\u00e9 degli eventuali altri dati personali inseriti nella missiva; effettuando l\u2019invio, in base alla presente informativa, acconsentite al trattamento dei dati per le finalit\u00e0 indicate (art. 6, co. 1, lett. a) del Regolamento).<\/p>\n<p><strong>4.4<\/strong> Fornire i propri dati personali non \u00e8 obbligatorio e il consenso al trattamento pu\u00f2 essere revocato in qualunque momento; tuttavia, in assenza del consenso, non potremo dare seguito alla richiesta di informazioni.<\/p>\n<p>&nbsp;<\/p>\n<ol start=\"5\">\n<li><strong> Modalit\u00e0 del trattamento<\/strong><\/li>\n<\/ol>\n<p><strong>5.1<\/strong> I dati dell\u2019utente vengono acquisiti telematicamente durante la navigazione sul Sito e tramite l\u2019utilizzo del servizio di posta elettronica.<\/p>\n<p><strong>5.2<\/strong> I dati dell\u2019utente verranno trattati, nel rispetto delle disposizioni vigenti in materia di protezione dei dati personali, mediante operazioni di registrazione, consultazione, comunicazione, conservazione, cancellazione, effettuate con l\u2019ausilio di strumenti informatici, sia automatizzati sia non automatizzati (in tal caso, attraverso l\u2019intervento umano nelle gestione dei sistemi informatici) e mediante l\u2019utilizzo di strumenti analogici (gestione cartacea), secondo logiche strettamente correlate alle finalit\u00e0 del trattamento stesse e, comunque, con il supporto di apparecchiature e con modalit\u00e0 tali da garantire la sicurezza e la riservatezza dei dati stessi, prevenendo la perdita dei dati, usi illeciti o non corretti,\u00a0 e accessi non autorizzati.<\/p>\n<p><strong>5.3<\/strong> Per il trattamento dei dati sul nostro Sito utilizziamo <em>cookie<\/em>, anche di terze parti.<\/p>\n<p><u>Cookie<\/u><\/p>\n<p>Un \u201c<em>cookie<\/em>\u201d \u00e8 una piccola quantit\u00e0 di dati che vengono inviati al browser dell\u2019utente da un server Web e che vengono successivamente memorizzati sul disco fisso del suo computer.<\/p>\n<p>L\u2019uso di c.d. \u201c<em>cookie <\/em>tecnici<em>\u201d <\/em>\u00a0(che non vengono memorizzati in modo persistente sul computer dell\u2019utente e svaniscono al termine della sessione di navigazione, con la chiusura del browser) \u00e8 strettamente limitato alla trasmissione di identificativi di sessione (costituiti da numeri casuali generati dal server) necessari per consentire l\u2019esplorazione sicura ed efficiente del sito. I c.d. <em>cookie<\/em> di sessione utilizzati in questo Sito evitano il ricorso ad altre tecniche informatiche potenzialmente pregiudizievoli per la riservatezza della navigazione degli utenti e non consentono l\u2019acquisizione di dati personali identificativi dell\u2019utente.<\/p>\n<p>Il Sito utilizza anche <em>cookie<\/em> di terze parti: questa tipologia di <em>cookie<\/em> integra funzionalit\u00e0 e servizi sviluppati da terzi all\u2019interno delle pagine del Sito, tramite appositi plug-in (tra cui quello denominato \u201cDevicePixelRatio\u201d di Matomo<a href=\"#_ftn1\" name=\"_ftnref1\">[1]<\/a>). L\u2019utilizzo dei dati raccolti da questi operatori esterni tramite <em>cookie<\/em> \u00e8 sottoposto alle rispettive <em>privacy policy<\/em>.<\/p>\n<p>Non utilizziamo <em>cookie<\/em> di profilazione.<\/p>\n<p>Per ulteriori informazioni sui cookie \u00e8 possibile consultare le\u00a0<a href=\"http:\/\/www.garanteprivacy.it\/web\/guest\/home\/docweb\/-\/docweb-display\/docweb\/2142939\"><strong>FAQ del Garante<\/strong><\/a>\u00a0per la protezione dei dati personali.<\/p>\n<p>&nbsp;<\/p>\n<p><strong>Se non sono rifiutati esplicitamente, i cookie vengono impostati automaticamente<\/strong>.<\/p>\n<p>Per ottimizzare la navigazione su questo Sito consigliamo di non disattivare i <em>cookie. <\/em>Tuttavia, \u00e8 possibile modificare le impostazioni dei <em>cookie<\/em> sui <em>browser<\/em> pi\u00f9 comuni, <u>negando cos\u00ec il consenso al loro utilizzo<\/u>, seguendo le istruzioni disponibili ai seguenti link:<\/p>\n<p><a href=\"https:\/\/support.microsoft.com\/it-it\/help\/17442\/windows-internet-explorer-delete-manage-cookies\">Internet Explorer<\/a>\u00a0\u00a0\u00a0\u00a0\u00a0\u00a0\u00a0\u00a0\u00a0\u00a0\u00a0\u00a0\u00a0\u00a0 <a href=\"https:\/\/support.mozilla.org\/it\/kb\/Attivare%20e%20disattivare%20i%20cookie\">Mozilla Firefox<\/a>\u00a0\u00a0\u00a0\u00a0\u00a0\u00a0\u00a0\u00a0\u00a0\u00a0\u00a0\u00a0\u00a0\u00a0 <a href=\"https:\/\/support.google.com\/chrome\/answer\/95647?hl=it&amp;ref_topic=14666\">Chrome<\/a>\u00a0\u00a0\u00a0\u00a0\u00a0\u00a0\u00a0\u00a0\u00a0\u00a0\u00a0\u00a0\u00a0\u00a0\u00a0\u00a0\u00a0\u00a0\u00a0 <a href=\"http:\/\/help.opera.com\/Windows\/10.00\/it\/cookies.html\">Opera<\/a>\u00a0\u00a0\u00a0\u00a0\u00a0\u00a0\u00a0\u00a0\u00a0\u00a0\u00a0\u00a0\u00a0\u00a0\u00a0\u00a0\u00a0\u00a0\u00a0\u00a0\u00a0\u00a0\u00a0 <a href=\"https:\/\/support.apple.com\/kb\/ph21411?locale=it_IT\">Safari<\/a><\/p>\n<p>Inoltre, l\u2019Utente pu\u00f2 avvalersi delle informazioni fornite da EDAA (UE), Network Advertising Initiative (USA) e Digital Advertising Alliance (USA), DAAC (Canada), DDAI (Giappone) o altri servizi analoghi, per gestire le preferenze di \u00a0tracciamento della maggior parte degli strumenti pubblicitari.<\/p>\n<p>&nbsp;<\/p>\n<ol start=\"6\">\n<li><strong>Comunicazione dei dati personali <\/strong><\/li>\n<\/ol>\n<p><strong>6.1<\/strong> I soggetti che potranno venire a conoscenza dei dati personali sono i nostri dipendenti e collaboratori, che si occupano della gestione della pagina Web.<\/p>\n<p><strong>6.2<\/strong> I dati personali possono essere comunicati a soggetti determinati, per lo svolgimento di servizi (ad es. la societ\u00e0 informatica che si occupa della manutenzione del Sito) o per l\u2019adempimento di obblighi normativi. All\u2019occorrenza, in caso di obbligo di denuncia di un reato o, comunque, di necessit\u00e0 di perseguire un legittimo interesse ad esercitare o difendere un diritto in sede giudiziale, il Titolare potr\u00e0 comunicare i dati degli utenti all\u2019Autorit\u00e0 giudiziaria o a forze di polizia, nonch\u00e9 ai propri legali di riferimento<\/p>\n<p><strong>6.3<\/strong> I dati non vengono mai trasferiti a, o comunque acquisiti da, soggetti terzi aventi sede o comunque operanti in Paesi al di fuori dell\u2019Unione Europea, all\u2019infuori dei seguenti: Microsoft Co, limitatamente ai servizi di provider di posta elettronica; Google, LLC, limitatamente alle funzionalit\u00e0 di Google Ads; (tutte le societ\u00e0 sono incluse all\u2019interno della c.d. Privacyshield List <a href=\"https:\/\/www.privacyshield.gov\/welcome\" target=\"_blank\">https:\/\/www.privacyshield.gov\/welcome<\/a>: dunque, garantiscono un livello di protezione adeguato).<\/p>\n<p><strong>6.4<\/strong> All\u2019infuori dei casi appena indicati, i dati personali non saranno comunicati a terzi e\/o in alcun modo diffusi al di fuori dell\u2019ambito dell\u2019Unione Europea.<\/p>\n<p>&nbsp;<\/p>\n<ol start=\"7\">\n<li><strong> Durata del trattamento<\/strong><\/li>\n<\/ol>\n<p><strong>7.1<\/strong> I dati di navigazione vengono cancellati immediatamente dopo l\u2019elaborazione, al termine della sessione di navigazione (chiusura del <em>browser<\/em>).<\/p>\n<p><strong>7.2<\/strong> I dati forniti volontariamente dagli utenti (attraverso l\u2019invio di e-mail), oppure via fax o per telefono, saranno conservati per i 30 giorni successivi all\u2019invio agli utenti delle informazioni richieste, salvo che l\u2019ulteriore conservazione dei dati non sia necessaria per adempiere ad obblighi di legge e\/o salvo che intervenga tra le parti la sottoscrizione di un contratto.<\/p>\n<p><strong>7.3<\/strong> I dati trattati attraverso <em>cookie <\/em>di terze parti vengono conservati per il periodo di tempo previsto dai gestori, secondo le rispettive <em>privacy policy<\/em>.<\/p>\n<p><strong>7.4<\/strong> Al termine del periodo di trattamento, i dati saranno cancellati, ovvero resi anonimi in modo permanente.<\/p>\n<p>&nbsp;<\/p>\n<ol start=\"8\">\n<li><strong> Diritti dell\u2019interessato (Artt. 15-22 e 77 del Regolamento)<\/strong><\/li>\n<\/ol>\n<p>Il Regolamento conferisce all\u2019interessato l\u2019esercizio di specifici diritti, tra cui quelli di ottenere dal Titolare la conferma dell\u2019esistenza o meno di propri dati personali e la loro comunicazione in forma intellegibile; di aver conoscenza dell\u2019origine dei dati, delle finalit\u00e0 e delle modalit\u00e0 su cui si basa il trattamento e della logica applicata ai casi di trattamento effettuato con l\u2019ausilio di strumenti elettronici; di ottenere, se ne ricorrano i presupposti di legge e secondo le modalit\u00e0 previste dal Regolamento, la cancellazione, la trasformazione in forma anonima o il blocco dei dati trattati in violazione di legge, nonch\u00e9 l\u2019aggiornamento, la rettifica o, se vi sia interesse, l\u2019integrazione degli stessi; di opporsi, per motivi legittimi, al trattamento dei dati, di chiedere la limitazione del trattamento e di esercitare, al ricorrere dei relativi presupposti, il diritto alla portabilit\u00e0 dei dati, ossia riceverli da un titolare del trattamento, in un formato strutturato, di uso comune e leggibile da dispositivo automatico, e trasmetterli ad un altro titolare del trattamento senza impedimenti.<\/p>\n<p>E\u2019 possibile presentare istanze per l\u2019esercizio dei diritti riconosciuti dal Regolamento (accesso, rettifica, cancellazione, opposizione, limitazione e portabilit\u00e0 se ne ricorrono i presupposti) <u>mediante compilazione e invio agli indirizzi in epigrafe dell\u2019apposito modulo<\/u> \u201cEsercizio di diritti in materia di protezione dei dati personali <em>(artt. 15-22 del Regolamento (UE) 2016\/679)<\/em>\u201d disponibile al seguente\u00a0<a href=\"http:\/\/www.gruppofresia.it\/wp-content\/uploads\/2019\/03\/modello-esercizio-diritti.pdf\" target=\"_blank\">LINK<\/a><\/p>\n<p>Per consentirci di rispondere rapidamente, Vi preghiamo cortesemente \u2013 ringraziandovi anticipatamente per la collaborazione \u2013 di indicare il Vostro nome e cognome, indirizzo e-mail. Alcune richieste (ad esempio quella relativa all\u2019esercizio del diritto di accesso) devono essere accompagnate da una fotocopia di un documento di identit\u00e0 con la Vostra firma per verificare la Vostra identit\u00e0; va inoltre specificato l&#8217;indirizzo a cui volete ricevere la risposta. La risposta sar\u00e0 inviata entro un mese dalla ricezione della richiesta.<\/p>\n<p>L\u2019interessato ha altres\u00ec diritto, laddove ritenga che il trattamento dei propri dati sia effettuato in violazione delle previsioni del Regolamento, ferma la possibilit\u00e0 di rivolgersi alle competenti autorit\u00e0 giudiziarie civili o amministrative, di proporre reclamo all&#8217;Autorit\u00e0 Garante per la protezione dei dati personali, per quanto di sua competenza.<\/p>\n<p><a href=\"#_ftnref1\" name=\"_ftn1\">[1]<\/a> Per verificare in che modo Matomo tratta i dati personali, \u00e8 possibile consultare la privacy policy al seguente link: <a href=\"https:\/\/matomo.org\/privacy-policy\/\" target=\"_blank\">https:\/\/matomo.org\/privacy-policy\/<\/a><\/p>\n","protected":false},"excerpt":{"rendered":"<p>INFORMATIVA PRIVACY (INFORMATIVA AI SENSI DEGLI ARTT. 13 E 14 DEL REGOLAMENTO (UE) 2016\/679 \u2013\u00a0REGOLAMENTO GENERALE SULLA PROTEZIONE DEI DATI PERSONALI) &nbsp; Il Regolamento (UE) 2016\/679 (anche il \u201cRegolamento\u201d) e la normativa italiana di riferimento stabiliscono norme relative alla protezione delle persone fisiche nell\u2019ambito del trattamento dei dati personali e protezione dei diritti e delle&hellip;<\/p>\n","protected":false},"author":1,"featured_media":0,"parent":0,"menu_order":0,"comment_status":"open","ping_status":"open","template":"","meta":[],"_links":{"self":[{"href":"http:\/\/www.gruppofresia.it\/en\/wp-json\/wp\/v2\/pages\/746"}],"collection":[{"href":"http:\/\/www.gruppofresia.it\/en\/wp-json\/wp\/v2\/pages"}],"about":[{"href":"http:\/\/www.gruppofresia.it\/en\/wp-json\/wp\/v2\/types\/page"}],"author":[{"embeddable":true,"href":"http:\/\/www.gruppofresia.it\/en\/wp-json\/wp\/v2\/users\/1"}],"replies":[{"embeddable":true,"href":"http:\/\/www.gruppofresia.it\/en\/wp-json\/wp\/v2\/comments?post=746"}],"version-history":[{"count":1,"href":"http:\/\/www.gruppofresia.it\/en\/wp-json\/wp\/v2\/pages\/746\/revisions"}],"predecessor-version":[{"id":748,"href":"http:\/\/www.gruppofresia.it\/en\/wp-json\/wp\/v2\/pages\/746\/revisions\/748"}],"wp:attachment":[{"href":"http:\/\/www.gruppofresia.it\/en\/wp-json\/wp\/v2\/media?parent=746"}],"curies":[{"name":"wp","href":"https:\/\/api.w.org\/{rel}","templated":true}]}}